{"id":2,"date":"2018-04-19T03:27:20","date_gmt":"2018-04-19T03:27:20","guid":{"rendered":"http:\/\/leonesmonarcasantarosa.org\/?page_id=2"},"modified":"2024-06-27T08:09:17","modified_gmt":"2024-06-27T13:09:17","slug":"legal","status":"publish","type":"page","link":"https:\/\/leonesmonarcasantarosa.org\/?page_id=2","title":{"rendered":"Documentos Normativos"},"content":{"rendered":"<div class=\"wpb-content-wrapper\">[vc_row css=\u00bb.vc_custom_1618330144522{margin-top: 30px !important;}\u00bb][vc_column width=\u00bb1\/6&#8243;][\/vc_column][vc_column width=\u00bb2\/3&#8243; offset=\u00bbvc_hidden-xs\u00bb][vc_column_text]\n<p style=\"text-align: justify;\">El <strong>CLUB DE LEONES SANTA ROSA DE CABAL MONARCA, Entidad sin Animo de lucro <\/strong> de Santa Rosa de Cabal (Risaralda); ha tramitado ante la DIAN su permanec\u00eda en el R\u00e9gimen especial; por tal motivo ponemos a disposici\u00f3n p\u00fablica los siguientes documentos para que sean visualizados y descargados. En caso de cualquier inquietud puede escribirnos utilizando la pesta\u00f1a de CONTACTO de este sitio web o a la direccion de correo electr\u00f3nico: clubleonesrcmonarca@gmail.com<\/p>\n<p>&nbsp;<\/p>\n<table style=\"width: 100%;\">\n<tbody>\n<tr>\n<th>\n<div id=\"attachment_50\" style=\"width: 116px\" class=\"wp-caption aligncenter\"><a title=\"ESTATUTOS\" href=\"https:\/\/leonesmonarcasantarosa.org\/wp-content\/uploads\/2018\/04\/ESTATUTOS-CLUB-DE-LEONES.pdf\" target=\"_blank\" rel=\"noopener\"><img loading=\"lazy\" decoding=\"async\" aria-describedby=\"caption-attachment-50\" class=\"wp-image-50\" src=\"https:\/\/leonesmonarcasantarosa.org\/wp-content\/uploads\/2018\/04\/pdf.jpg\" alt=\"\" width=\"106\" height=\"127\" \/><\/a><p id=\"caption-attachment-50\" class=\"wp-caption-text\"><strong>ESTATUTOS\u00a0<\/strong><\/p><\/div><\/th>\n<th>\n<div id=\"attachment_50\" style=\"width: 126px\" class=\"wp-caption aligncenter\"><a title=\"GESTION\" href=\"https:\/\/leonesmonarcasantarosa.org\/wp-content\/uploads\/2024\/06\/INFORME-DE-GESTION-ASAMBLEA-MARZO-2024.pdf\" target=\"_blank\" rel=\"noopener\"><img loading=\"lazy\" decoding=\"async\" aria-describedby=\"caption-attachment-50\" class=\"wp-image-50\" src=\"https:\/\/leonesmonarcasantarosa.org\/wp-content\/uploads\/2018\/04\/pdf.jpg\" alt=\"\" width=\"116\" height=\"127\" \/><\/a><p id=\"caption-attachment-50\" class=\"wp-caption-text\"><strong>INFORME DE GESTI\u00d3N 2024<\/strong><\/p><\/div><\/th>\n<th>\n<div id=\"attachment_50\" style=\"width: 126px\" class=\"wp-caption aligncenter\"><a title=\"ESTADOS\" href=\"https:\/\/leonesmonarcasantarosa.org\/wp-content\/uploads\/2024\/06\/ESTADOS-FINANCIEROS-ANO-2023-CLUB-DE-LEONES-DE-SANTA-ROSA-DE-CABAL.pdf\" target=\"_blank\" rel=\"noopener\"><img loading=\"lazy\" decoding=\"async\" aria-describedby=\"caption-attachment-50\" class=\"wp-image-50\" src=\"https:\/\/leonesmonarcasantarosa.org\/wp-content\/uploads\/2018\/04\/pdf.jpg\" alt=\"\" width=\"116\" height=\"127\" \/><\/a><p id=\"caption-attachment-50\" class=\"wp-caption-text\"><strong>ESTADOS FINANCIEROS 2023<\/strong><\/p><\/div><\/th>\n<\/tr>\n<tr>\n<td>\n<div id=\"attachment_50\" style=\"width: 126px\" class=\"wp-caption aligncenter\"><a title=\"DECLARACION\" href=\"https:\/\/leonesmonarcasantarosa.org\/wp-content\/uploads\/2024\/06\/DECLARACION-DE-RENTA-2023-1117612366638.pdf\" target=\"_blank\" rel=\"noopener\"><img loading=\"lazy\" decoding=\"async\" aria-describedby=\"caption-attachment-50\" class=\"wp-image-50\" src=\"https:\/\/leonesmonarcasantarosa.org\/wp-content\/uploads\/2018\/04\/pdf.jpg\" alt=\"\" width=\"116\" height=\"127\" \/><\/a><p id=\"caption-attachment-50\" class=\"wp-caption-text\"><strong>DECLARACI\u00d3N DE RENTA<\/strong><\/p><\/div><\/td>\n<td>\n<div id=\"attachment_50\" style=\"width: 126px\" class=\"wp-caption aligncenter\"><a title=\"CERTIFICADO\" href=\"https:\/\/leonesmonarcasantarosa.org\/wp-content\/uploads\/2024\/06\/Certificacion-del-Representante-Legal-de-los-antecedentes-judiciales.pdf\" target=\"_blank\" rel=\"noopener\"><img loading=\"lazy\" decoding=\"async\" aria-describedby=\"caption-attachment-50\" class=\"wp-image-50\" src=\"https:\/\/leonesmonarcasantarosa.org\/wp-content\/uploads\/2018\/04\/pdf.jpg\" alt=\"\" width=\"116\" height=\"127\" \/><\/a><p id=\"caption-attachment-50\" class=\"wp-caption-text\"><strong>CERTIFICADO DE EXISTENCIA Y REPRESENTACI\u00d3N LEGAL<\/strong><\/p><\/div><\/td>\n<td>\n<div id=\"attachment_50\" style=\"width: 126px\" class=\"wp-caption aligncenter\"><a title=\"CERTIFICADO DE OBLIGACIONES\" href=\"https:\/\/leonesmonarcasantarosa.org\/wp-content\/uploads\/2024\/06\/CAMARA-DE-COMERCIO-CERTIFICADO.pdf\" target=\"_blank\" rel=\"noopener\"><img loading=\"lazy\" decoding=\"async\" aria-describedby=\"caption-attachment-50\" class=\"wp-image-50\" src=\"https:\/\/leonesmonarcasantarosa.org\/wp-content\/uploads\/2018\/04\/pdf.jpg\" alt=\"\" width=\"116\" height=\"127\" \/><\/a><p id=\"caption-attachment-50\" class=\"wp-caption-text\"><strong>CERTIFICADO DE CUMPLIMIENTO\u00a0<\/strong><\/p><\/div><\/td>\n<\/tr>\n<tr>\n<td>\n<div id=\"attachment_50\" style=\"width: 126px\" class=\"wp-caption aligncenter\"><a title=\"CERTIFICADO ANTECEDENTES\" href=\"https:\/\/leonesmonarcasantarosa.org\/wp-content\/uploads\/2024\/06\/Certificacion-del-Representante-Legal-de-los-antecedentes-judiciales.pdf\" target=\"_blank\" rel=\"noopener\"><img loading=\"lazy\" decoding=\"async\" aria-describedby=\"caption-attachment-50\" class=\"wp-image-50\" src=\"https:\/\/leonesmonarcasantarosa.org\/wp-content\/uploads\/2018\/04\/pdf.jpg\" alt=\"\" width=\"116\" height=\"127\" \/><\/a><p id=\"caption-attachment-50\" class=\"wp-caption-text\"><strong>CERTIFICADO DE ANTECEDENTES <\/strong><\/p><\/div><\/td>\n<td>\n<div id=\"attachment_50\" style=\"width: 126px\" class=\"wp-caption aligncenter\"><a title=\"JUNTA DIRECTIVA\" href=\"https:\/\/leonesmonarcasantarosa.org\/wp-content\/uploads\/2024\/06\/JUNTA-DIRECTIVA.pdf\" target=\"_blank\" rel=\"noopener\"><img loading=\"lazy\" decoding=\"async\" aria-describedby=\"caption-attachment-50\" class=\"wp-image-50\" src=\"https:\/\/leonesmonarcasantarosa.org\/wp-content\/uploads\/2018\/04\/pdf.jpg\" alt=\"\" width=\"116\" height=\"127\" \/><\/a><p id=\"caption-attachment-50\" class=\"wp-caption-text\"><strong>JUNTA DIRECTIVA<\/strong><\/p><\/div><\/td>\n<td>\n<div id=\"attachment_50\" style=\"width: 126px\" class=\"wp-caption aligncenter\"><a title=\"ACTA1\" href=\"https:\/\/leonesmonarcasantarosa.org\/wp-content\/uploads\/2024\/06\/ACTA-ASAMBLEA-GENERAL-ORDINARIA.pdf\" target=\"_blank\" rel=\"noopener\"><img loading=\"lazy\" decoding=\"async\" aria-describedby=\"caption-attachment-50\" class=\"wp-image-50\" src=\"https:\/\/leonesmonarcasantarosa.org\/wp-content\/uploads\/2018\/04\/pdf.jpg\" alt=\"\" width=\"116\" height=\"127\" \/><\/a><p id=\"caption-attachment-50\" class=\"wp-caption-text\"><strong>ACTA ASAMBLEA<\/strong><\/p><\/div><\/td>\n<\/tr>\n<tr>\n<th>\n<div id=\"attachment_50\" style=\"width: 126px\" class=\"wp-caption aligncenter\"><a title=\"DOCUMENTO DE CONTITUCI\u00d3N\" href=\"https:\/\/leonesmonarcasantarosa.org\/wp-content\/uploads\/2018\/04\/CONSTITUCION.pdf\" target=\"_blank\" rel=\"noopener\"><img loading=\"lazy\" decoding=\"async\" aria-describedby=\"caption-attachment-50\" class=\"wp-image-50\" src=\"https:\/\/leonesmonarcasantarosa.org\/wp-content\/uploads\/2018\/04\/pdf.jpg\" alt=\"\" width=\"116\" height=\"127\" \/><\/a><p id=\"caption-attachment-50\" class=\"wp-caption-text\"><strong>DOCUMENTO DE CONTITUCI\u00d3N\u00a0<\/strong><\/p><\/div><\/th>\n<th>\n<div id=\"attachment_50\" style=\"width: 126px\" class=\"wp-caption aligncenter\"><a title=\"CARTA CONSTITUTIVA\" href=\"https:\/\/leonesmonarcasantarosa.org\/wp-content\/uploads\/2018\/04\/CARTA-CONSTITUTIVA.pdf\" target=\"_blank\" rel=\"noopener\"><img loading=\"lazy\" decoding=\"async\" aria-describedby=\"caption-attachment-50\" class=\"wp-image-50\" src=\"https:\/\/leonesmonarcasantarosa.org\/wp-content\/uploads\/2018\/04\/pdf.jpg\" alt=\"\" width=\"116\" height=\"127\" \/><\/a><p id=\"caption-attachment-50\" class=\"wp-caption-text\"><strong>CARTA CONSTITUTIVA\u00a0<\/strong><\/p><\/div><\/th>\n<\/tr>\n<\/tbody>\n<\/table>\n[\/vc_column_text][\/vc_column][vc_column width=\u00bb1\/6&#8243;][\/vc_column][\/vc_row][vc_row full_width=\u00bbstretch_row\u00bb][vc_column offset=\u00bbvc_hidden-lg vc_hidden-md vc_hidden-sm\u00bb][vc_row_inner][vc_column_inner width=\u00bb1\/4&#8243;][\/vc_column_inner][vc_column_inner width=\u00bb1\/2&#8243;][vc_column_text]\n<p style=\"text-align: justify;\">El <strong>CLUB DE LEONES SANTA ROSA DE CABAL MONARCA, Entidad sin Animo de lucro <\/strong> de Santa Rosa de Cabal (Risaralda); ha tramitado ante la DIAN su permanec\u00eda en el R\u00e9gimen especial; por tal motivo ponemos a disposici\u00f3n p\u00fablica los siguientes documentos para que sean visualizados y descargados. En caso de cualquier inquietud puede escribirnos utilizando la pesta\u00f1a de CONTACTO de este sitio web o a la direccion de correo electr\u00f3nico: clubleonesrcmonarca@gmail.com<\/p>\n<p>&nbsp;<\/p>\n<table style=\"width: 100%;\">\n<tbody>\n<tr>\n<th>\n<div id=\"attachment_50\" style=\"width: 116px\" class=\"wp-caption aligncenter\"><a title=\"ESTATUTOS\" href=\"https:\/\/leonesmonarcasantarosa.org\/wp-content\/uploads\/2018\/04\/ESTATUTOS-CLUB-DE-LEONES.pdf\" target=\"_blank\" rel=\"noopener\"><img loading=\"lazy\" decoding=\"async\" aria-describedby=\"caption-attachment-50\" class=\"wp-image-50\" src=\"https:\/\/leonesmonarcasantarosa.org\/wp-content\/uploads\/2018\/04\/pdf.jpg\" alt=\"\" width=\"106\" height=\"127\" \/><\/a><p id=\"caption-attachment-50\" class=\"wp-caption-text\"><strong>ESTATUTOS\u00a0<\/strong><\/p><\/div><\/th>\n<th>\n<div id=\"attachment_50\" style=\"width: 126px\" class=\"wp-caption aligncenter\"><a title=\"GESTION\" href=\"https:\/\/leonesmonarcasantarosa.org\/wp-content\/uploads\/2019\/05\/INFORME-GESTION-2018.pdf\" target=\"_blank\" rel=\"noopener\"><img loading=\"lazy\" decoding=\"async\" aria-describedby=\"caption-attachment-50\" class=\"wp-image-50\" src=\"https:\/\/leonesmonarcasantarosa.org\/wp-content\/uploads\/2018\/04\/pdf.jpg\" alt=\"\" width=\"116\" height=\"127\" \/><\/a><p id=\"caption-attachment-50\" class=\"wp-caption-text\"><strong>INFORME DE GESTI\u00d3N 2018<\/strong><\/p><\/div><\/th>\n<\/tr>\n<tr>\n<td>\n<div id=\"attachment_50\" style=\"width: 126px\" class=\"wp-caption aligncenter\"><a title=\"ESTADOS\" href=\"https:\/\/leonesmonarcasantarosa.org\/wp-content\/uploads\/2019\/05\/ESTADOS-FINANCIEROS-2018.pdf\" target=\"_blank\" rel=\"noopener\"><img loading=\"lazy\" decoding=\"async\" aria-describedby=\"caption-attachment-50\" class=\"wp-image-50\" src=\"https:\/\/leonesmonarcasantarosa.org\/wp-content\/uploads\/2018\/04\/pdf.jpg\" alt=\"\" width=\"116\" height=\"127\" \/><\/a><p id=\"caption-attachment-50\" class=\"wp-caption-text\"><strong>ESTADOS FINANCIERO 2018<\/strong><\/p><\/div><\/td>\n<td>\n<div id=\"attachment_50\" style=\"width: 126px\" class=\"wp-caption aligncenter\"><a title=\"DECLARACION\" href=\"https:\/\/leonesmonarcasantarosa.org\/wp-content\/uploads\/2018\/04\/DECLARACION-DE-RENTA.pdf\" target=\"_blank\" rel=\"noopener\"><img loading=\"lazy\" decoding=\"async\" aria-describedby=\"caption-attachment-50\" class=\"wp-image-50\" src=\"https:\/\/leonesmonarcasantarosa.org\/wp-content\/uploads\/2018\/04\/pdf.jpg\" alt=\"\" width=\"116\" height=\"127\" \/><\/a><p id=\"caption-attachment-50\" class=\"wp-caption-text\"><strong>DECLARACI\u00d3N DE RENTA<\/strong><\/p><\/div><\/td>\n<\/tr>\n<tr>\n<td>\n<div id=\"attachment_50\" style=\"width: 126px\" class=\"wp-caption aligncenter\"><a title=\"CERTIFICADO\" href=\"https:\/\/leonesmonarcasantarosa.org\/wp-content\/uploads\/2018\/04\/CAMARA-DE-COMERCIO-CLUB-LEONES.pdf\" target=\"_blank\" rel=\"noopener\"><img loading=\"lazy\" decoding=\"async\" aria-describedby=\"caption-attachment-50\" class=\"wp-image-50\" src=\"https:\/\/leonesmonarcasantarosa.org\/wp-content\/uploads\/2018\/04\/pdf.jpg\" alt=\"\" width=\"116\" height=\"127\" \/><\/a><p id=\"caption-attachment-50\" class=\"wp-caption-text\"><strong>CERTIFICADO DE EXISTENCIA Y REPRESENTACI\u00d3N LEGAL<\/strong><\/p><\/div><\/td>\n<td>\n<div id=\"attachment_50\" style=\"width: 126px\" class=\"wp-caption aligncenter\"><a title=\"CERTIFICADO DE OBLIGACIONES\" href=\"https:\/\/leonesmonarcasantarosa.org\/wp-content\/uploads\/2018\/04\/CERTIFICADO-OBLIGACIONES.pdf\" target=\"_blank\" rel=\"noopener\"><img loading=\"lazy\" decoding=\"async\" aria-describedby=\"caption-attachment-50\" class=\"wp-image-50\" src=\"https:\/\/leonesmonarcasantarosa.org\/wp-content\/uploads\/2018\/04\/pdf.jpg\" alt=\"\" width=\"116\" height=\"127\" \/><\/a><p id=\"caption-attachment-50\" class=\"wp-caption-text\"><strong>CERTIFICADO DE CUMPLIMIENTO\u00a0<\/strong><\/p><\/div><\/td>\n<\/tr>\n<tr>\n<td>\n<div id=\"attachment_50\" style=\"width: 126px\" class=\"wp-caption aligncenter\"><a title=\"CERTIFICADO ANTECEDENTES\" href=\"https:\/\/leonesmonarcasantarosa.org\/wp-content\/uploads\/2018\/04\/ANTECEDENTES-JUNTA.pdf\" target=\"_blank\" rel=\"noopener\"><img loading=\"lazy\" decoding=\"async\" aria-describedby=\"caption-attachment-50\" class=\"wp-image-50\" src=\"https:\/\/leonesmonarcasantarosa.org\/wp-content\/uploads\/2018\/04\/pdf.jpg\" alt=\"\" width=\"116\" height=\"127\" \/><\/a><p id=\"caption-attachment-50\" class=\"wp-caption-text\"><strong>CERTIFICADO DE ANTECEDENTES <\/strong><\/p><\/div><\/td>\n<td>\n<div id=\"attachment_50\" style=\"width: 126px\" class=\"wp-caption aligncenter\"><a title=\"JUNTA DIRECTIVA\" href=\"https:\/\/leonesmonarcasantarosa.org\/wp-content\/uploads\/2018\/04\/CONFORMACION-JUNTA.pdf\" target=\"_blank\" rel=\"noopener\"><img loading=\"lazy\" decoding=\"async\" aria-describedby=\"caption-attachment-50\" class=\"wp-image-50\" src=\"https:\/\/leonesmonarcasantarosa.org\/wp-content\/uploads\/2018\/04\/pdf.jpg\" alt=\"\" width=\"116\" height=\"127\" \/><\/a><p id=\"caption-attachment-50\" class=\"wp-caption-text\"><strong>JUNTA DIRECTIVA<\/strong><\/p><\/div><\/td>\n<\/tr>\n<tr>\n<th>\n<div id=\"attachment_50\" style=\"width: 126px\" class=\"wp-caption aligncenter\"><a title=\"ACTA1\" href=\"https:\/\/leonesmonarcasantarosa.org\/wp-content\/uploads\/2018\/04\/Acta-Asamblea.pdf\" target=\"_blank\" rel=\"noopener\"><img loading=\"lazy\" decoding=\"async\" aria-describedby=\"caption-attachment-50\" class=\"wp-image-50\" src=\"https:\/\/leonesmonarcasantarosa.org\/wp-content\/uploads\/2018\/04\/pdf.jpg\" alt=\"\" width=\"116\" height=\"127\" \/><\/a><p id=\"caption-attachment-50\" class=\"wp-caption-text\"><strong>ACTA ASAMBLEA<\/strong><\/p><\/div><\/th>\n<th>\n<div id=\"attachment_50\" style=\"width: 126px\" class=\"wp-caption aligncenter\"><a title=\"DOCUMENTO DE CONTITUCI\u00d3N\" href=\"https:\/\/leonesmonarcasantarosa.org\/wp-content\/uploads\/2018\/04\/CONSTITUCION.pdf\" target=\"_blank\" rel=\"noopener\"><img loading=\"lazy\" decoding=\"async\" aria-describedby=\"caption-attachment-50\" class=\"wp-image-50\" src=\"https:\/\/leonesmonarcasantarosa.org\/wp-content\/uploads\/2018\/04\/pdf.jpg\" alt=\"\" width=\"116\" height=\"127\" \/><\/a><p id=\"caption-attachment-50\" class=\"wp-caption-text\"><strong>DOCUMENTO DE CONTITUCI\u00d3N\u00a0<\/strong><\/p><\/div><\/th>\n<\/tr>\n<tr>\n<th>\n<div id=\"attachment_50\" style=\"width: 126px\" class=\"wp-caption aligncenter\"><a title=\"CARTA CONSTITUTIVA\" href=\"https:\/\/leonesmonarcasantarosa.org\/wp-content\/uploads\/2018\/04\/CARTA-CONSTITUTIVA.pdf\" target=\"_blank\" rel=\"noopener\"><img loading=\"lazy\" decoding=\"async\" aria-describedby=\"caption-attachment-50\" class=\"wp-image-50\" src=\"https:\/\/leonesmonarcasantarosa.org\/wp-content\/uploads\/2018\/04\/pdf.jpg\" alt=\"\" width=\"116\" height=\"127\" \/><\/a><p id=\"caption-attachment-50\" class=\"wp-caption-text\"><strong>CARTA CONSTITUTIVA\u00a0<\/strong><\/p><\/div><\/th>\n<\/tr>\n<\/tbody>\n<\/table>\n[\/vc_column_text][\/vc_column_inner][vc_column_inner width=\u00bb1\/4&#8243;][\/vc_column_inner][\/vc_row_inner][\/vc_column][\/vc_row]\n<\/div>","protected":false},"excerpt":{"rendered":"<p>[vc_row css=\u00bb.vc_custom_1618330144522{margin-top: 30px !important;}\u00bb][vc_column width=\u00bb1\/6&#8243;][\/vc_column][vc_column width=\u00bb2\/3&#8243; offset=\u00bbvc_hidden-xs\u00bb][vc_column_text] El CLUB DE LEONES SANTA ROSA DE CABAL MONARCA, Entidad sin Animo de lucro de Santa Rosa de Cabal (Risaralda); ha tramitado ante la DIAN su permanec\u00eda en el R\u00e9gimen especial; por tal motivo ponemos a disposici\u00f3n p\u00fablica los siguientes documentos para que sean visualizados y descargados. En caso de cualquier inquietud puede escribirnos utilizando la pesta\u00f1a de CONTACTO de este sitio web o a la direccion de correo electr\u00f3nico: clubleonesrcmonarca@gmail.com &nbsp; [\/vc_column_text][\/vc_column][vc_column width=\u00bb1\/6&#8243;][\/vc_column][\/vc_row][vc_row full_width=\u00bbstretch_row\u00bb][vc_column offset=\u00bbvc_hidden-lg vc_hidden-md vc_hidden-sm\u00bb][vc_row_inner][vc_column_inner width=\u00bb1\/4&#8243;][\/vc_column_inner][vc_column_inner width=\u00bb1\/2&#8243;][vc_column_text] El CLUB DE LEONES SANTA ROSA DE CABAL MONARCA, Entidad sin Animo de lucro de Santa Rosa de Cabal (Risaralda); ha tramitado ante la DIAN su permanec\u00eda en el R\u00e9gimen especial; por tal motivo ponemos a disposici\u00f3n p\u00fablica los siguientes documentos para que sean visualizados y descargados. En caso de cualquier inquietud puede escribirnos utilizando la pesta\u00f1a de CONTACTO de este sitio web o a la direccion de correo electr\u00f3nico: clubleonesrcmonarca@gmail.com &nbsp; [\/vc_column_text][\/vc_column_inner][vc_column_inner width=\u00bb1\/4&#8243;][\/vc_column_inner][\/vc_row_inner][\/vc_column][\/vc_row]<\/p>\n","protected":false},"author":1,"featured_media":0,"parent":0,"menu_order":0,"comment_status":"closed","ping_status":"closed","template":"","meta":{"footnotes":""},"class_list":["post-2","page","type-page","status-publish","hentry"],"_links":{"self":[{"href":"https:\/\/leonesmonarcasantarosa.org\/index.php?rest_route=\/wp\/v2\/pages\/2","targetHints":{"allow":["GET"]}}],"collection":[{"href":"https:\/\/leonesmonarcasantarosa.org\/index.php?rest_route=\/wp\/v2\/pages"}],"about":[{"href":"https:\/\/leonesmonarcasantarosa.org\/index.php?rest_route=\/wp\/v2\/types\/page"}],"author":[{"embeddable":true,"href":"https:\/\/leonesmonarcasantarosa.org\/index.php?rest_route=\/wp\/v2\/users\/1"}],"replies":[{"embeddable":true,"href":"https:\/\/leonesmonarcasantarosa.org\/index.php?rest_route=%2Fwp%2Fv2%2Fcomments&post=2"}],"version-history":[{"count":32,"href":"https:\/\/leonesmonarcasantarosa.org\/index.php?rest_route=\/wp\/v2\/pages\/2\/revisions"}],"predecessor-version":[{"id":1891,"href":"https:\/\/leonesmonarcasantarosa.org\/index.php?rest_route=\/wp\/v2\/pages\/2\/revisions\/1891"}],"wp:attachment":[{"href":"https:\/\/leonesmonarcasantarosa.org\/index.php?rest_route=%2Fwp%2Fv2%2Fmedia&parent=2"}],"curies":[{"name":"wp","href":"https:\/\/api.w.org\/{rel}","templated":true}]}}