{"id":185,"date":"2017-02-16T08:15:23","date_gmt":"2017-02-16T13:15:23","guid":{"rendered":"http:\/\/wecare.crunchpress.com\/dummy\/?page_id=185"},"modified":"2021-04-13T11:30:08","modified_gmt":"2021-04-13T16:30:08","slug":"actividades","status":"publish","type":"page","link":"https:\/\/leonesmonarcasantarosa.org\/?page_id=185","title":{"rendered":"Actividades"},"content":{"rendered":"<div class=\"wpb-content-wrapper\">[vc_row][vc_column offset=\u00bbvc_hidden-xs\u00bb][vc_row_inner][vc_column_inner width=\u00bb3\/4&#8243;]\n\t\t\t\n\t\t\t<section class=\"news-section news-list\">\n\t\t\t  <div class=\"element_wrap\">\n\t\t\t\t<div class=\"row\">\n\t\t\t\t  <div class=\"col-md-12\">\n\t\t\t\t\t<div class=\"outer\">\n\t\t\t\t\t\t\t\n\t\t\t\t\t\t\t<div class=\"row\">\n\t\t\t\t\t\t\t\t<div class=\"col-md-5\">\n\t\t\t\t\t\t\t\t  <div class=\"news-box\">\n\t\t\t\t\t\t\t\t\t<div class=\"frame\"> \n\t\t\t\t\t\t\t\t\t\t<a href=\"https:\/\/leonesmonarcasantarosa.org\/?p=981\"><img loading=\"lazy\" decoding=\"async\" width=\"340\" height=\"320\" src=\"https:\/\/leonesmonarcasantarosa.org\/wp-content\/uploads\/2020\/10\/Piezas_Talleres3x3-340x320.jpg\" class=\"attachment-340x320 size-340x320 wp-post-image\" alt=\"\" \/><\/a> \n\t\t\t\t\t\t\t\t\t\t<strong class=\"date\">1 Feb, 2021<\/strong>\n\t\t\t\t\t\t\t\t\t\t<div class=\"caption\"> \n\t\t\t\t\t\t\t\t\t\t\t<strong class=\"admin\"><i class=\"fa fa-user\" aria-hidden=\"true\"><\/i>adminCORE<\/strong> \n\t\t\t\t\t\t\t\t\t\t\t<strong class=\"admin\"><i class=\"fa fa-comment-o\" aria-hidden=\"true\"><\/i>7<\/strong>\n\t\t\t\t\t\t\t\t\t\t\t [dot_recommends]\n\t\t\t\t\t\t\t\t\t\t<\/div>\n\t\t\t\t\t\t\t\t\t<\/div>\n\t\t\t\t\t\t\t\t  <\/div>\n\t\t\t\t\t\t\t\t<\/div>\n\t\t\t\t\t\t\t\t<div class=\"col-md-7\">\n\t\t\t\t\t\t\t\t  <div class=\"news-box\">\n\t\t\t\t\t\t\t\t\t<div class=\"text-box\">\n\t\t\t\t\t\t\t\t\t  <h3><a href=\"https:\/\/leonesmonarcasantarosa.org\/?p=981\">En vivo PESAS sus mejores herramientas para la salud, bienestar y vida<\/a><\/h3>\n\t\t\t\t\t\t\t\t\t  <p>El jueves 12 de noviembre se realiza un en vivo titulado PESAS sus mejores herramientas para la salud, bienestar y vida. Se realiz\u00f3 una entrevista con el Dr. Luis Arocha Mari\u00f1o autoridad mundial en psiquiatr\u00eda, neurocodificaci\u00f3n de la experienc...<\/p>\n\t\t\t\t\t\t\t\t\t  <a href=\"https:\/\/leonesmonarcasantarosa.org\/?p=981\" class=\"btn-style-2\">Ver m\u00e1s<\/a> <\/div>\n\t\t\t\t\t\t\t\t  <\/div>\n\t\t\t\t\t\t\t\t<\/div>\n\t\t\t\t\t\t\t<\/div>\n\t\t\t\t\t\t\t\n\t\t\t\t\t\t\t<div class=\"row\">\n\t\t\t\t\t\t\t\t<div class=\"col-md-5\">\n\t\t\t\t\t\t\t\t  <div class=\"news-box\">\n\t\t\t\t\t\t\t\t\t<div class=\"frame\"> \n\t\t\t\t\t\t\t\t\t\t<a href=\"https:\/\/leonesmonarcasantarosa.org\/?p=977\"><img loading=\"lazy\" decoding=\"async\" width=\"340\" height=\"320\" src=\"https:\/\/leonesmonarcasantarosa.org\/wp-content\/uploads\/2020\/10\/Piezas_Talleres2x2-340x320.jpg\" class=\"attachment-340x320 size-340x320 wp-post-image\" alt=\"\" \/><\/a> \n\t\t\t\t\t\t\t\t\t\t<strong class=\"date\">1 Feb, 2021<\/strong>\n\t\t\t\t\t\t\t\t\t\t<div class=\"caption\"> \n\t\t\t\t\t\t\t\t\t\t\t<strong class=\"admin\"><i class=\"fa fa-user\" aria-hidden=\"true\"><\/i>adminCORE<\/strong> \n\t\t\t\t\t\t\t\t\t\t\t<strong class=\"admin\"><i class=\"fa fa-comment-o\" aria-hidden=\"true\"><\/i>5<\/strong>\n\t\t\t\t\t\t\t\t\t\t\t [dot_recommends]\n\t\t\t\t\t\t\t\t\t\t<\/div>\n\t\t\t\t\t\t\t\t\t<\/div>\n\t\t\t\t\t\t\t\t  <\/div>\n\t\t\t\t\t\t\t\t<\/div>\n\t\t\t\t\t\t\t\t<div class=\"col-md-7\">\n\t\t\t\t\t\t\t\t  <div class=\"news-box\">\n\t\t\t\t\t\t\t\t\t<div class=\"text-box\">\n\t\t\t\t\t\t\t\t\t  <h3><a href=\"https:\/\/leonesmonarcasantarosa.org\/?p=977\">Taller internacional virtual del ABC de la diabetes para pacientes<\/a><\/h3>\n\t\t\t\t\t\t\t\t\t  <p>El martes 10 de noviembre se realiza un taller internacional virtual titulado el ABC de la diabetes, a cargo de la Dra. Omidres P\u00e9rez referente latinoamericana de la diabetes. Coordinado por el equipo organizador del proyecto de prevenci\u00f3n de d...<\/p>\n\t\t\t\t\t\t\t\t\t  <a href=\"https:\/\/leonesmonarcasantarosa.org\/?p=977\" class=\"btn-style-2\">Ver m\u00e1s<\/a> <\/div>\n\t\t\t\t\t\t\t\t  <\/div>\n\t\t\t\t\t\t\t\t<\/div>\n\t\t\t\t\t\t\t<\/div>\n\t\t\t\t\t\t\t\n\t\t\t\t\t\t\t<div class=\"row\">\n\t\t\t\t\t\t\t\t<div class=\"col-md-5\">\n\t\t\t\t\t\t\t\t  <div class=\"news-box\">\n\t\t\t\t\t\t\t\t\t<div class=\"frame\"> \n\t\t\t\t\t\t\t\t\t\t<a href=\"https:\/\/leonesmonarcasantarosa.org\/?p=975\"><img loading=\"lazy\" decoding=\"async\" width=\"340\" height=\"320\" src=\"https:\/\/leonesmonarcasantarosa.org\/wp-content\/uploads\/2020\/10\/Piezas_Talleres1x1-340x320.jpg\" class=\"attachment-340x320 size-340x320 wp-post-image\" alt=\"Prevenci\u00f3n de la diabetes\" \/><\/a> \n\t\t\t\t\t\t\t\t\t\t<strong class=\"date\">1 Feb, 2021<\/strong>\n\t\t\t\t\t\t\t\t\t\t<div class=\"caption\"> \n\t\t\t\t\t\t\t\t\t\t\t<strong class=\"admin\"><i class=\"fa fa-user\" aria-hidden=\"true\"><\/i>adminCORE<\/strong> \n\t\t\t\t\t\t\t\t\t\t\t<strong class=\"admin\"><i class=\"fa fa-comment-o\" aria-hidden=\"true\"><\/i>3<\/strong>\n\t\t\t\t\t\t\t\t\t\t\t [dot_recommends]\n\t\t\t\t\t\t\t\t\t\t<\/div>\n\t\t\t\t\t\t\t\t\t<\/div>\n\t\t\t\t\t\t\t\t  <\/div>\n\t\t\t\t\t\t\t\t<\/div>\n\t\t\t\t\t\t\t\t<div class=\"col-md-7\">\n\t\t\t\t\t\t\t\t  <div class=\"news-box\">\n\t\t\t\t\t\t\t\t\t<div class=\"text-box\">\n\t\t\t\t\t\t\t\t\t  <h3><a href=\"https:\/\/leonesmonarcasantarosa.org\/?p=975\">En vivo 7 secretos de la prevenci\u00f3n de la diabetes<\/a><\/h3>\n\t\t\t\t\t\t\t\t\t  <p>El jueves 05 de noviembre se realiza un en vivo titulado 7 secretos de la prevenci\u00f3n de la diabetes, dientes y de los pies. Coordinado por el equipo organizador del proyecto de prevenci\u00f3n de diabetes de noviembre del a\u00f1o 2020. Se presentaron do...<\/p>\n\t\t\t\t\t\t\t\t\t  <a href=\"https:\/\/leonesmonarcasantarosa.org\/?p=975\" class=\"btn-style-2\">Ver m\u00e1s<\/a> <\/div>\n\t\t\t\t\t\t\t\t  <\/div>\n\t\t\t\t\t\t\t\t<\/div>\n\t\t\t\t\t\t\t<\/div>\n\t\t\t\t\t\t\t\n\t\t\t\t\t\t\t<div class=\"row\">\n\t\t\t\t\t\t\t\t<div class=\"col-md-5\">\n\t\t\t\t\t\t\t\t  <div class=\"news-box\">\n\t\t\t\t\t\t\t\t\t<div class=\"frame\"> \n\t\t\t\t\t\t\t\t\t\t<a href=\"https:\/\/leonesmonarcasantarosa.org\/?p=972\"><img loading=\"lazy\" decoding=\"async\" width=\"340\" height=\"320\" src=\"https:\/\/leonesmonarcasantarosa.org\/wp-content\/uploads\/2021\/02\/prevencion-de-diabetes-340x320.png\" class=\"attachment-340x320 size-340x320 wp-post-image\" alt=\"\" \/><\/a> \n\t\t\t\t\t\t\t\t\t\t<strong class=\"date\">1 Feb, 2021<\/strong>\n\t\t\t\t\t\t\t\t\t\t<div class=\"caption\"> \n\t\t\t\t\t\t\t\t\t\t\t<strong class=\"admin\"><i class=\"fa fa-user\" aria-hidden=\"true\"><\/i>adminCORE<\/strong> \n\t\t\t\t\t\t\t\t\t\t\t<strong class=\"admin\"><i class=\"fa fa-comment-o\" aria-hidden=\"true\"><\/i>3<\/strong>\n\t\t\t\t\t\t\t\t\t\t\t [dot_recommends]\n\t\t\t\t\t\t\t\t\t\t<\/div>\n\t\t\t\t\t\t\t\t\t<\/div>\n\t\t\t\t\t\t\t\t  <\/div>\n\t\t\t\t\t\t\t\t<\/div>\n\t\t\t\t\t\t\t\t<div class=\"col-md-7\">\n\t\t\t\t\t\t\t\t  <div class=\"news-box\">\n\t\t\t\t\t\t\t\t\t<div class=\"text-box\">\n\t\t\t\t\t\t\t\t\t  <h3><a href=\"https:\/\/leonesmonarcasantarosa.org\/?p=972\">Prevenci\u00f3n de diabetes de noviembre del a\u00f1o 2020<\/a><\/h3>\n\t\t\t\t\t\t\t\t\t  <p>El 24 del mes de octubre, se realiza publicaci\u00f3n del proyecto de las actividades de prevenci\u00f3n de diabetes de noviembre del a\u00f1o 2020. Con la participaci\u00f3n del Club de Leones Santa Rosa de Cabal Monarca, la Fundaci\u00f3n FINDESH, Secretaria de salud...<\/p>\n\t\t\t\t\t\t\t\t\t  <a href=\"https:\/\/leonesmonarcasantarosa.org\/?p=972\" class=\"btn-style-2\">Ver m\u00e1s<\/a> <\/div>\n\t\t\t\t\t\t\t\t  <\/div>\n\t\t\t\t\t\t\t\t<\/div>\n\t\t\t\t\t\t\t<\/div>\n\t\t\t\t\t\t\t\n\t\t\t\t\t\t\t<div class=\"pagination-col\">\n\t\t\t\t\t\t\t\t<nav>\n\t\t\t\t\t\t\t\t\t<ul class=\"pagination\">\n\t\t\t\t\t\t\t\t\t\t<li><span aria-current=\"page\" class=\"page-numbers current\">1<\/span>\n<a class=\"page-numbers\" href=\"https:\/\/leonesmonarcasantarosa.org\/index.php\/?paged=2&#038;rest_route=%2Fwp%2Fv2%2Fpages%2F185\">2<\/a>\n<span class=\"page-numbers dots\">&hellip;<\/span>\n<a class=\"page-numbers\" href=\"https:\/\/leonesmonarcasantarosa.org\/index.php\/?paged=6&#038;rest_route=%2Fwp%2Fv2%2Fpages%2F185\">6<\/a>\n<a class=\"next page-numbers\" href=\"https:\/\/leonesmonarcasantarosa.org\/index.php\/?paged=2&#038;rest_route=%2Fwp%2Fv2%2Fpages%2F185\">Next<\/a>\n\t\t\t\t\t\t\t\t\t\t<\/li>\n\t\t\t\t\t\t\t\t\t<\/ul>\n\t\t\t\t\t\t\t\t<\/nav>\n\t\t\t\t\t\t\t<\/div>\n\t\t\t\t  <\/div>\n\t\t\t\t<\/div>\n\t\t\t  <\/div>\n\t\t\t  <\/div>\n\t\t\t<\/section>[\/vc_column_inner][vc_column_inner width=\u00bb1\/4&#8243;][vc_widget_sidebar sidebar_id=\u00bbcustom-sidebar0&#8243;][\/vc_column_inner][\/vc_row_inner][\/vc_column][\/vc_row][vc_row full_width=\u00bbstretch_row_content\u00bb][vc_column offset=\u00bbvc_hidden-lg vc_hidden-md vc_hidden-sm\u00bb][vc_row_inner][vc_column_inner width=\u00bb3\/4&#8243;]\n\t\t\t\n\t\t\t<section class=\"news-section news-list\">\n\t\t\t  <div class=\"element_wrap\">\n\t\t\t\t<div class=\"row\">\n\t\t\t\t  <div class=\"col-md-12\">\n\t\t\t\t\t<div class=\"outer\">\n\t\t\t\t\t\t\t\n\t\t\t\t\t\t\t<div class=\"row\">\n\t\t\t\t\t\t\t\t<div class=\"col-md-5\">\n\t\t\t\t\t\t\t\t  <div class=\"news-box\">\n\t\t\t\t\t\t\t\t\t<div class=\"frame\"> \n\t\t\t\t\t\t\t\t\t\t<a href=\"https:\/\/leonesmonarcasantarosa.org\/?p=981\"><img loading=\"lazy\" decoding=\"async\" width=\"340\" height=\"320\" src=\"https:\/\/leonesmonarcasantarosa.org\/wp-content\/uploads\/2020\/10\/Piezas_Talleres3x3-340x320.jpg\" class=\"attachment-340x320 size-340x320 wp-post-image\" alt=\"\" \/><\/a> \n\t\t\t\t\t\t\t\t\t\t<strong class=\"date\">1 Feb, 2021<\/strong>\n\t\t\t\t\t\t\t\t\t\t<div class=\"caption\"> \n\t\t\t\t\t\t\t\t\t\t\t<strong class=\"admin\"><i class=\"fa fa-user\" aria-hidden=\"true\"><\/i>adminCORE<\/strong> \n\t\t\t\t\t\t\t\t\t\t\t<strong class=\"admin\"><i class=\"fa fa-comment-o\" aria-hidden=\"true\"><\/i>7<\/strong>\n\t\t\t\t\t\t\t\t\t\t\t [dot_recommends]\n\t\t\t\t\t\t\t\t\t\t<\/div>\n\t\t\t\t\t\t\t\t\t<\/div>\n\t\t\t\t\t\t\t\t  <\/div>\n\t\t\t\t\t\t\t\t<\/div>\n\t\t\t\t\t\t\t\t<div class=\"col-md-7\">\n\t\t\t\t\t\t\t\t  <div class=\"news-box\">\n\t\t\t\t\t\t\t\t\t<div class=\"text-box\">\n\t\t\t\t\t\t\t\t\t  <h3><a href=\"https:\/\/leonesmonarcasantarosa.org\/?p=981\">En vivo PESAS sus mejores herramientas para la salud, bienestar y vida<\/a><\/h3>\n\t\t\t\t\t\t\t\t\t  <p>El jueves 12 de noviembre se realiza un en vivo titulado PESAS sus mejores herramientas para la salud, bienestar y vida. Se realiz\u00f3 una entrevista con el Dr. Luis Arocha Mari\u00f1o autoridad mundial en psiquiatr\u00eda, neurocodificaci\u00f3n de la experienc...<\/p>\n\t\t\t\t\t\t\t\t\t  <a href=\"https:\/\/leonesmonarcasantarosa.org\/?p=981\" class=\"btn-style-2\">Ver m\u00e1s<\/a> <\/div>\n\t\t\t\t\t\t\t\t  <\/div>\n\t\t\t\t\t\t\t\t<\/div>\n\t\t\t\t\t\t\t<\/div>\n\t\t\t\t\t\t\t\n\t\t\t\t\t\t\t<div class=\"row\">\n\t\t\t\t\t\t\t\t<div class=\"col-md-5\">\n\t\t\t\t\t\t\t\t  <div class=\"news-box\">\n\t\t\t\t\t\t\t\t\t<div class=\"frame\"> \n\t\t\t\t\t\t\t\t\t\t<a href=\"https:\/\/leonesmonarcasantarosa.org\/?p=977\"><img loading=\"lazy\" decoding=\"async\" width=\"340\" height=\"320\" src=\"https:\/\/leonesmonarcasantarosa.org\/wp-content\/uploads\/2020\/10\/Piezas_Talleres2x2-340x320.jpg\" class=\"attachment-340x320 size-340x320 wp-post-image\" alt=\"\" \/><\/a> \n\t\t\t\t\t\t\t\t\t\t<strong class=\"date\">1 Feb, 2021<\/strong>\n\t\t\t\t\t\t\t\t\t\t<div class=\"caption\"> \n\t\t\t\t\t\t\t\t\t\t\t<strong class=\"admin\"><i class=\"fa fa-user\" aria-hidden=\"true\"><\/i>adminCORE<\/strong> \n\t\t\t\t\t\t\t\t\t\t\t<strong class=\"admin\"><i class=\"fa fa-comment-o\" aria-hidden=\"true\"><\/i>5<\/strong>\n\t\t\t\t\t\t\t\t\t\t\t [dot_recommends]\n\t\t\t\t\t\t\t\t\t\t<\/div>\n\t\t\t\t\t\t\t\t\t<\/div>\n\t\t\t\t\t\t\t\t  <\/div>\n\t\t\t\t\t\t\t\t<\/div>\n\t\t\t\t\t\t\t\t<div class=\"col-md-7\">\n\t\t\t\t\t\t\t\t  <div class=\"news-box\">\n\t\t\t\t\t\t\t\t\t<div class=\"text-box\">\n\t\t\t\t\t\t\t\t\t  <h3><a href=\"https:\/\/leonesmonarcasantarosa.org\/?p=977\">Taller internacional virtual del ABC de la diabetes para pacientes<\/a><\/h3>\n\t\t\t\t\t\t\t\t\t  <p>El martes 10 de noviembre se realiza un taller internacional virtual titulado el ABC de la diabetes, a cargo de la Dra. Omidres P\u00e9rez referente latinoamericana de la diabetes. Coordinado por el equipo organizador del proyecto de prevenci\u00f3n de d...<\/p>\n\t\t\t\t\t\t\t\t\t  <a href=\"https:\/\/leonesmonarcasantarosa.org\/?p=977\" class=\"btn-style-2\">Ver m\u00e1s<\/a> <\/div>\n\t\t\t\t\t\t\t\t  <\/div>\n\t\t\t\t\t\t\t\t<\/div>\n\t\t\t\t\t\t\t<\/div>\n\t\t\t\t\t\t\t\n\t\t\t\t\t\t\t<div class=\"row\">\n\t\t\t\t\t\t\t\t<div class=\"col-md-5\">\n\t\t\t\t\t\t\t\t  <div class=\"news-box\">\n\t\t\t\t\t\t\t\t\t<div class=\"frame\"> \n\t\t\t\t\t\t\t\t\t\t<a href=\"https:\/\/leonesmonarcasantarosa.org\/?p=975\"><img loading=\"lazy\" decoding=\"async\" width=\"340\" height=\"320\" src=\"https:\/\/leonesmonarcasantarosa.org\/wp-content\/uploads\/2020\/10\/Piezas_Talleres1x1-340x320.jpg\" class=\"attachment-340x320 size-340x320 wp-post-image\" alt=\"Prevenci\u00f3n de la diabetes\" \/><\/a> \n\t\t\t\t\t\t\t\t\t\t<strong class=\"date\">1 Feb, 2021<\/strong>\n\t\t\t\t\t\t\t\t\t\t<div class=\"caption\"> \n\t\t\t\t\t\t\t\t\t\t\t<strong class=\"admin\"><i class=\"fa fa-user\" aria-hidden=\"true\"><\/i>adminCORE<\/strong> \n\t\t\t\t\t\t\t\t\t\t\t<strong class=\"admin\"><i class=\"fa fa-comment-o\" aria-hidden=\"true\"><\/i>3<\/strong>\n\t\t\t\t\t\t\t\t\t\t\t [dot_recommends]\n\t\t\t\t\t\t\t\t\t\t<\/div>\n\t\t\t\t\t\t\t\t\t<\/div>\n\t\t\t\t\t\t\t\t  <\/div>\n\t\t\t\t\t\t\t\t<\/div>\n\t\t\t\t\t\t\t\t<div class=\"col-md-7\">\n\t\t\t\t\t\t\t\t  <div class=\"news-box\">\n\t\t\t\t\t\t\t\t\t<div class=\"text-box\">\n\t\t\t\t\t\t\t\t\t  <h3><a href=\"https:\/\/leonesmonarcasantarosa.org\/?p=975\">En vivo 7 secretos de la prevenci\u00f3n de la diabetes<\/a><\/h3>\n\t\t\t\t\t\t\t\t\t  <p>El jueves 05 de noviembre se realiza un en vivo titulado 7 secretos de la prevenci\u00f3n de la diabetes, dientes y de los pies. Coordinado por el equipo organizador del proyecto de prevenci\u00f3n de diabetes de noviembre del a\u00f1o 2020. Se presentaron do...<\/p>\n\t\t\t\t\t\t\t\t\t  <a href=\"https:\/\/leonesmonarcasantarosa.org\/?p=975\" class=\"btn-style-2\">Ver m\u00e1s<\/a> <\/div>\n\t\t\t\t\t\t\t\t  <\/div>\n\t\t\t\t\t\t\t\t<\/div>\n\t\t\t\t\t\t\t<\/div>\n\t\t\t\t\t\t\t\n\t\t\t\t\t\t\t<div class=\"row\">\n\t\t\t\t\t\t\t\t<div class=\"col-md-5\">\n\t\t\t\t\t\t\t\t  <div class=\"news-box\">\n\t\t\t\t\t\t\t\t\t<div class=\"frame\"> \n\t\t\t\t\t\t\t\t\t\t<a href=\"https:\/\/leonesmonarcasantarosa.org\/?p=972\"><img loading=\"lazy\" decoding=\"async\" width=\"340\" height=\"320\" src=\"https:\/\/leonesmonarcasantarosa.org\/wp-content\/uploads\/2021\/02\/prevencion-de-diabetes-340x320.png\" class=\"attachment-340x320 size-340x320 wp-post-image\" alt=\"\" \/><\/a> \n\t\t\t\t\t\t\t\t\t\t<strong class=\"date\">1 Feb, 2021<\/strong>\n\t\t\t\t\t\t\t\t\t\t<div class=\"caption\"> \n\t\t\t\t\t\t\t\t\t\t\t<strong class=\"admin\"><i class=\"fa fa-user\" aria-hidden=\"true\"><\/i>adminCORE<\/strong> \n\t\t\t\t\t\t\t\t\t\t\t<strong class=\"admin\"><i class=\"fa fa-comment-o\" aria-hidden=\"true\"><\/i>3<\/strong>\n\t\t\t\t\t\t\t\t\t\t\t [dot_recommends]\n\t\t\t\t\t\t\t\t\t\t<\/div>\n\t\t\t\t\t\t\t\t\t<\/div>\n\t\t\t\t\t\t\t\t  <\/div>\n\t\t\t\t\t\t\t\t<\/div>\n\t\t\t\t\t\t\t\t<div class=\"col-md-7\">\n\t\t\t\t\t\t\t\t  <div class=\"news-box\">\n\t\t\t\t\t\t\t\t\t<div class=\"text-box\">\n\t\t\t\t\t\t\t\t\t  <h3><a href=\"https:\/\/leonesmonarcasantarosa.org\/?p=972\">Prevenci\u00f3n de diabetes de noviembre del a\u00f1o 2020<\/a><\/h3>\n\t\t\t\t\t\t\t\t\t  <p>El 24 del mes de octubre, se realiza publicaci\u00f3n del proyecto de las actividades de prevenci\u00f3n de diabetes de noviembre del a\u00f1o 2020. Con la participaci\u00f3n del Club de Leones Santa Rosa de Cabal Monarca, la Fundaci\u00f3n FINDESH, Secretaria de salud...<\/p>\n\t\t\t\t\t\t\t\t\t  <a href=\"https:\/\/leonesmonarcasantarosa.org\/?p=972\" class=\"btn-style-2\">Ver m\u00e1s<\/a> <\/div>\n\t\t\t\t\t\t\t\t  <\/div>\n\t\t\t\t\t\t\t\t<\/div>\n\t\t\t\t\t\t\t<\/div>\n\t\t\t\t\t\t\t\n\t\t\t\t\t\t\t<div class=\"pagination-col\">\n\t\t\t\t\t\t\t\t<nav>\n\t\t\t\t\t\t\t\t\t<ul class=\"pagination\">\n\t\t\t\t\t\t\t\t\t\t<li><span aria-current=\"page\" class=\"page-numbers current\">1<\/span>\n<a class=\"page-numbers\" href=\"https:\/\/leonesmonarcasantarosa.org\/index.php\/?paged=2&#038;rest_route=%2Fwp%2Fv2%2Fpages%2F185\">2<\/a>\n<span class=\"page-numbers dots\">&hellip;<\/span>\n<a class=\"page-numbers\" href=\"https:\/\/leonesmonarcasantarosa.org\/index.php\/?paged=6&#038;rest_route=%2Fwp%2Fv2%2Fpages%2F185\">6<\/a>\n<a class=\"next page-numbers\" href=\"https:\/\/leonesmonarcasantarosa.org\/index.php\/?paged=2&#038;rest_route=%2Fwp%2Fv2%2Fpages%2F185\">Next<\/a>\n\t\t\t\t\t\t\t\t\t\t<\/li>\n\t\t\t\t\t\t\t\t\t<\/ul>\n\t\t\t\t\t\t\t\t<\/nav>\n\t\t\t\t\t\t\t<\/div>\n\t\t\t\t  <\/div>\n\t\t\t\t<\/div>\n\t\t\t  <\/div>\n\t\t\t  <\/div>\n\t\t\t<\/section>[\/vc_column_inner][vc_column_inner width=\u00bb1\/4&#8243;][vc_widget_sidebar sidebar_id=\u00bbcustom-sidebar0&#8243;][\/vc_column_inner][\/vc_row_inner][\/vc_column][\/vc_row]\n<\/div>","protected":false},"excerpt":{"rendered":"<p>[vc_row][vc_column offset=\u00bbvc_hidden-xs\u00bb][vc_row_inner][vc_column_inner width=\u00bb3\/4&#8243;][\/vc_column_inner][vc_column_inner width=\u00bb1\/4&#8243;][vc_widget_sidebar sidebar_id=\u00bbcustom-sidebar0&#8243;][\/vc_column_inner][\/vc_row_inner][\/vc_column][\/vc_row][vc_row full_width=\u00bbstretch_row_content\u00bb][vc_column offset=\u00bbvc_hidden-lg vc_hidden-md vc_hidden-sm\u00bb][vc_row_inner][vc_column_inner width=\u00bb3\/4&#8243;][\/vc_column_inner][vc_column_inner width=\u00bb1\/4&#8243;][vc_widget_sidebar sidebar_id=\u00bbcustom-sidebar0&#8243;][\/vc_column_inner][\/vc_row_inner][\/vc_column][\/vc_row]<\/p>\n","protected":false},"author":1,"featured_media":0,"parent":0,"menu_order":0,"comment_status":"closed","ping_status":"closed","template":"","meta":{"footnotes":""},"class_list":["post-185","page","type-page","status-publish","hentry"],"_links":{"self":[{"href":"https:\/\/leonesmonarcasantarosa.org\/index.php?rest_route=\/wp\/v2\/pages\/185","targetHints":{"allow":["GET"]}}],"collection":[{"href":"https:\/\/leonesmonarcasantarosa.org\/index.php?rest_route=\/wp\/v2\/pages"}],"about":[{"href":"https:\/\/leonesmonarcasantarosa.org\/index.php?rest_route=\/wp\/v2\/types\/page"}],"author":[{"embeddable":true,"href":"https:\/\/leonesmonarcasantarosa.org\/index.php?rest_route=\/wp\/v2\/users\/1"}],"replies":[{"embeddable":true,"href":"https:\/\/leonesmonarcasantarosa.org\/index.php?rest_route=%2Fwp%2Fv2%2Fcomments&post=185"}],"version-history":[{"count":9,"href":"https:\/\/leonesmonarcasantarosa.org\/index.php?rest_route=\/wp\/v2\/pages\/185\/revisions"}],"predecessor-version":[{"id":1837,"href":"https:\/\/leonesmonarcasantarosa.org\/index.php?rest_route=\/wp\/v2\/pages\/185\/revisions\/1837"}],"wp:attachment":[{"href":"https:\/\/leonesmonarcasantarosa.org\/index.php?rest_route=%2Fwp%2Fv2%2Fmedia&parent=185"}],"curies":[{"name":"wp","href":"https:\/\/api.w.org\/{rel}","templated":true}]}}