{"id":1115,"date":"2021-03-25T22:58:01","date_gmt":"2021-03-26T03:58:01","guid":{"rendered":"https:\/\/leonesmonarcasantarosa.org\/?page_id=1115"},"modified":"2021-04-13T01:25:33","modified_gmt":"2021-04-13T06:25:33","slug":"salud-visual","status":"publish","type":"page","link":"https:\/\/leonesmonarcasantarosa.org\/?page_id=1115","title":{"rendered":"Salud visual"},"content":{"rendered":"<div class=\"wpb-content-wrapper\">[vc_row full_width=\u00bbstretch_row_content\u00bb][vc_column]\n\t\t\t<!-- START vision REVOLUTION SLIDER 6.6.14 --><p class=\"rs-p-wp-fix\"><\/p>\n\t\t\t<rs-module-wrap id=\"rev_slider_4_1_wrapper\" data-source=\"gallery\" style=\"visibility:hidden;background:transparent;padding:0;margin:0px auto;margin-top:0;margin-bottom:0;\">\n\t\t\t\t<rs-module id=\"rev_slider_4_1\" style=\"\" data-version=\"6.6.14\">\n\t\t\t\t\t<rs-slides style=\"overflow: hidden; position: absolute;\">\n\t\t\t\t\t\t<rs-slide style=\"position: absolute;\" data-key=\"rs-7\" data-title=\"Slide\" data-anim=\"ms:1000;r:0;\" data-in=\"o:0;\" data-out=\"a:false;\">\n\t\t\t\t\t\t\t<img decoding=\"async\" src=\"\/\/leonesmonarcasantarosa.org\/wp-content\/plugins\/revslider_\/public\/assets\/assets\/dummy.png\" alt=\"\" title=\"BannerVisi\u00f3n\" width=\"1920\" height=\"698\" class=\"rev-slidebg tp-rs-img rs-lazyload\" data-lazyload=\"\/\/leonesmonarcasantarosa.org\/wp-content\/uploads\/2021\/03\/BannerVision-1.jpg\" data-bg=\"f:contain;\" data-no-retina>\n<!--\n\t\t\t\t\t\t\t--><rs-layer\n\t\t\t\t\t\t\t\tid=\"slider-4-slide-7-layer-0\" \n\t\t\t\t\t\t\t\tdata-type=\"text\"\n\t\t\t\t\t\t\t\tdata-color=\"#ffffff\"\n\t\t\t\t\t\t\t\tdata-rsp_ch=\"on\"\n\t\t\t\t\t\t\t\tdata-xy=\"x:260px;y:497px;\"\n\t\t\t\t\t\t\t\tdata-text=\"w:normal;s:86;l:80;fw:500;\"\n\t\t\t\t\t\t\t\tdata-frame_999=\"o:0;st:w;\"\n\t\t\t\t\t\t\t\tstyle=\"z-index:5;font-family:'Arial', 'Helvetica', 'sans-serif';\"\n\t\t\t\t\t\t\t>VISI\u00d3N \n\t\t\t\t\t\t\t<\/rs-layer><!--\n\n\t\t\t\t\t\t\t--><rs-layer\n\t\t\t\t\t\t\t\tid=\"slider-4-slide-7-layer-1\" \n\t\t\t\t\t\t\t\tdata-type=\"text\"\n\t\t\t\t\t\t\t\tdata-color=\"transparent\"\n\t\t\t\t\t\t\t\tdata-rsp_ch=\"on\"\n\t\t\t\t\t\t\t\tdata-xy=\"x:264px;y:558px;\"\n\t\t\t\t\t\t\t\tdata-text=\"w:normal;s:31;l:27;fw:100;\"\n\t\t\t\t\t\t\t\tdata-dim=\"h:27px;\"\n\t\t\t\t\t\t\t\tdata-border=\"bos:solid;boc:#e6b200;bow:0,0,6px,0;\"\n\t\t\t\t\t\t\t\tdata-frame_999=\"o:0;st:w;\"\n\t\t\t\t\t\t\t\tstyle=\"z-index:6;font-family:'Roboto';\"\n\t\t\t\t\t\t\t>.................. \n\t\t\t\t\t\t\t<\/rs-layer><!--\n-->\t\t\t\t\t\t<\/rs-slide>\n\t\t\t\t\t<\/rs-slides>\n\t\t\t\t<\/rs-module>\n\t\t\t\t<script>\n\t\t\t\t\tsetREVStartSize({c: 'rev_slider_4_1',rl:[1240,1024,778,480],el:[700],gw:[1920],gh:[700],type:'standard',justify:'',layout:'fullwidth',mh:\"0\"});if (window.RS_MODULES!==undefined && window.RS_MODULES.modules!==undefined && window.RS_MODULES.modules[\"revslider41\"]!==undefined) {window.RS_MODULES.modules[\"revslider41\"].once = false;window.revapi4 = undefined;if (window.RS_MODULES.checkMinimal!==undefined) window.RS_MODULES.checkMinimal()}\n\t\t\t\t<\/script>\n\t\t\t<\/rs-module-wrap>\n\t\t\t<!-- END REVOLUTION SLIDER -->\n[\/vc_column][\/vc_row][vc_row css=\u00bb.vc_custom_1618294948076{background-position: center !important;background-repeat: no-repeat !important;background-size: contain !important;}\u00bb][vc_column offset=\u00bbvc_hidden-xs\u00bb][vc_row_inner css=\u00bb.vc_custom_1617175202391{background-color: #ffffff !important;}\u00bb][vc_column_inner width=\u00bb1\/2&#8243;][vc_single_image image=\u00bb1455&#8243; img_size=\u00bbfull\u00bb css=\u00bb.vc_custom_1617175397720{margin-top: -35px !important;margin-bottom: 1px !important;margin-left: -18px !important;}\u00bb][\/vc_column_inner][vc_column_inner width=\u00bb1\/2&#8243; css=\u00bb.vc_custom_1617175193590{padding-left: 100px !important;}\u00bb][vc_column_text css=\u00bb.vc_custom_1617175368910{margin-top: 40px !important;padding-right: 100px !important;}\u00bb]\n<h2><img loading=\"lazy\" decoding=\"async\" class=\"wp-image-1124 alignleft\" src=\"https:\/\/leonesmonarcasantarosa.org\/wp-content\/uploads\/2021\/03\/icono-vision.jpg\" alt=\"\" width=\"60\" height=\"57\" \/>Estad\u00edsticas globales<\/h2>\n[\/vc_column_text][vc_column_text]<span style=\"font-weight: 400; font-size: 14px; color: #000000;\">Mil millones de personas viven con problemas de visi\u00f3n que podr\u00edan haberse prevenido o corregido.<\/span><\/p>\n<p><span style=\"font-weight: 400; font-size: 14px; color: #000000;\">Se necesitan 14 300 millones de d\u00f3lares para tratar los casos existentes de defectos de refracci\u00f3n y cataratas en todo el mundo.<\/span><\/p>\n<p><span style=\"font-weight: 400; font-size: 14px;\"><span style=\"color: #000000;\">La discapacidad visual de lejos no tratada en muchas regiones de ingresos bajos y medios es 4 veces mayor que en las regiones de ingresos altos.<\/span><br \/>\n<\/span>[\/vc_column_text][\/vc_column_inner][\/vc_row_inner][vc_row_inner css=\u00bb.vc_custom_1618295009300{margin-top: 30px !important;background-color: #ffffff !important;}\u00bb][vc_column_inner width=\u00bb1\/2&#8243; css=\u00bb.vc_custom_1617175411011{margin-left: 30px !important;}\u00bb][vc_column_text css=\u00bb.vc_custom_1617175356614{margin-top: 50px !important;padding-right: 100px !important;}\u00bb]\n<h2><img loading=\"lazy\" decoding=\"async\" class=\"alignleft wp-image-1124\" src=\"https:\/\/leonesmonarcasantarosa.org\/wp-content\/uploads\/2021\/03\/icono-vision.jpg\" alt=\"\" width=\"60\" height=\"57\" \/>\u00bfEn qu\u00e9 consiste el programa?<\/h2>\n[\/vc_column_text][vc_column_text]<span style=\"font-weight: 400; font-size: 14px; color: #000000;\">Los Leones son conocidos en todo el mundo por su trabajo para mejorar la vida de las personas con discapacidad visual y prevenir la ceguera evitable. LCIF sirve con orgullo sus continuos esfuerzos ofreciendo iniciativas, programas y subvenciones \u00fanicas e impactantes.<\/span>[\/vc_column_text][\/vc_column_inner][vc_column_inner width=\u00bb1\/2&#8243;][vc_single_image image=\u00bb1456&#8243; img_size=\u00bbfull\u00bb css=\u00bb.vc_custom_1617175488896{margin-top: -35px !important;margin-right: 35px !important;margin-bottom: 1px !important;}\u00bb][\/vc_column_inner][\/vc_row_inner][\/vc_column][\/vc_row][vc_row css=\u00bb.vc_custom_1617175447074{margin-top: 40px !important;margin-bottom: 50px !important;}\u00bb][vc_column offset=\u00bbvc_hidden-xs\u00bb][vc_row_inner][vc_column_inner width=\u00bb1\/3&#8243;][\/vc_column_inner][vc_column_inner width=\u00bb1\/3&#8243;][mvc_advanced_button align=\u00bbcenter\u00bb icon_position=\u00bbright\u00bb btn_text=\u00bbConoce m\u00e1s\u00bb padding_top=\u00bb15&#8243; border_width=\u00bb\u00bb btn_size=\u00bb25&#8243; icon_size=\u00bb25&#8243; use_theme_fonts=\u00bbyes\u00bb btn_clr=\u00bb#ffffff\u00bb btn_bg=\u00bb#0d2240&#8243; btn_hvrclr=\u00bb#ffffff\u00bb btn_hvrbg=\u00bb#0d2240&#8243; btn_icon=\u00bbfas fa-caret-down\u00bb btn_radius=\u00bb5&#8243; btn_url=\u00bburl:https%3A%2F%2Fleonesmonarcasantarosa.org%2Fsalvando-100-vidas%2F|title:Salvando%20100%20Vidas||\u00bb][\/vc_column_inner][vc_column_inner width=\u00bb1\/3&#8243;][\/vc_column_inner][\/vc_row_inner][vc_row_inner css=\u00bb.vc_custom_1616730167095{margin-top: 50px !important;}\u00bb][vc_column_inner width=\u00bb1\/6&#8243;][\/vc_column_inner][vc_column_inner width=\u00bb1\/3&#8243;][mvc_advanced_button align=\u00bbcenter\u00bb btn_text=\u00bbApoya esta causa <strong>Donar<\/strong>\u00bb padding_top=\u00bb15&#8243; padding_left=\u00bb100&#8243; btn_size=\u00bb20&#8243; text_style=\u00bbnormal\u00bb use_theme_fonts=\u00bbyes\u00bb btn_clr=\u00bb#000000&#8243; btn_bg=\u00bb#e6b200&#8243; btn_hvrclr=\u00bb#000000&#8243; btn_hvrbg=\u00bb#e6b200&#8243; btn_radius=\u00bb5&#8243; btn_url=\u00bburl:https%3A%2F%2Fleonesmonarcasantarosa.org%2Fdonar%2F|title:Donar||\u00bb][\/vc_column_inner][vc_column_inner width=\u00bb1\/3&#8243;][mvc_advanced_button align=\u00bbcenter\u00bb btn_text=\u00bb\u00bfQuieres conocer m\u00e1s? <strong>Escr\u00edbenos<\/strong>\u00bb padding_top=\u00bb15&#8243; padding_left=\u00bb70&#8243; btn_size=\u00bb20&#8243; text_style=\u00bbnormal\u00bb use_theme_fonts=\u00bbyes\u00bb btn_clr=\u00bb#ffffff\u00bb btn_bg=\u00bb#7b2052&#8243; btn_hvrclr=\u00bb#ffffff\u00bb btn_hvrbg=\u00bb#7b2052&#8243; btn_radius=\u00bb5&#8243; btn_url=\u00bburl:https%3A%2F%2Fleonesmonarcasantarosa.org%2Fcontactanos%2F|title:Cont%C3%A1ctanos||\u00bb][\/vc_column_inner][vc_column_inner width=\u00bb1\/6&#8243;][\/vc_column_inner][\/vc_row_inner][\/vc_column][\/vc_row][vc_row full_width=\u00bbstretch_row_content\u00bb css=\u00bb.vc_custom_1618294960664{background-position: center !important;background-repeat: no-repeat !important;background-size: contain !important;}\u00bb][vc_column offset=\u00bbvc_hidden-lg vc_hidden-md vc_hidden-sm\u00bb][vc_row_inner css=\u00bb.vc_custom_1617175202391{background-color: #ffffff !important;}\u00bb][vc_column_inner width=\u00bb1\/2&#8243;][vc_single_image image=\u00bb1455&#8243; img_size=\u00bbfull\u00bb css=\u00bb.vc_custom_1618294877658{margin-bottom: 1px !important;}\u00bb][\/vc_column_inner][vc_column_inner width=\u00bb1\/2&#8243;][vc_column_text css=\u00bb.vc_custom_1618294869856{margin-top: 40px !important;padding-right: 100px !important;}\u00bb]\n<h3><img loading=\"lazy\" decoding=\"async\" class=\"wp-image-1124 alignleft\" src=\"https:\/\/leonesmonarcasantarosa.org\/wp-content\/uploads\/2021\/03\/icono-vision.jpg\" alt=\"\" width=\"60\" height=\"57\" \/>Estad\u00edsticas globales<\/h3>\n[\/vc_column_text][vc_column_text css=\u00bb.vc_custom_1618294885566{padding-right: 20px !important;padding-left: 20px !important;}\u00bb]<span style=\"font-weight: 400; font-size: 14px; color: #000000;\">Mil millones de personas viven con problemas de visi\u00f3n que podr\u00edan haberse prevenido o corregido.<\/span><\/p>\n<p><span style=\"font-weight: 400; font-size: 14px; color: #000000;\">Se necesitan 14 300 millones de d\u00f3lares para tratar los casos existentes de defectos de refracci\u00f3n y cataratas en todo el mundo.<\/span><\/p>\n<p><span style=\"font-weight: 400; font-size: 14px;\"><span style=\"color: #000000;\">La discapacidad visual de lejos no tratada en muchas regiones de ingresos bajos y medios es 4 veces mayor que en las regiones de ingresos altos.<\/span><br \/>\n<\/span>[\/vc_column_text][\/vc_column_inner][\/vc_row_inner][vc_row_inner css=\u00bb.vc_custom_1618294848172{margin-top: 30px !important;background-color: #ffffff !important;}\u00bb][vc_column_inner width=\u00bb1\/2&#8243;][vc_single_image image=\u00bb1456&#8243; img_size=\u00bbfull\u00bb css=\u00bb.vc_custom_1618294854948{margin-bottom: 1px !important;}\u00bb][\/vc_column_inner][vc_column_inner width=\u00bb1\/2&#8243;][vc_column_text css=\u00bb.vc_custom_1618294830510{margin-top: 50px !important;padding-right: 100px !important;}\u00bb]\n<h3><img loading=\"lazy\" decoding=\"async\" class=\"alignleft wp-image-1124\" src=\"https:\/\/leonesmonarcasantarosa.org\/wp-content\/uploads\/2021\/03\/icono-vision.jpg\" alt=\"\" width=\"60\" height=\"57\" \/>\u00bfEn qu\u00e9 consiste el programa?<\/h3>\n[\/vc_column_text][vc_column_text css=\u00bb.vc_custom_1618294837440{padding-right: 20px !important;padding-left: 20px !important;}\u00bb]<span style=\"font-weight: 400; font-size: 14px; color: #000000;\">Los Leones son conocidos en todo el mundo por su trabajo para mejorar la vida de las personas con discapacidad visual y prevenir la ceguera evitable. LCIF sirve con orgullo sus continuos esfuerzos ofreciendo iniciativas, programas y subvenciones \u00fanicas e impactantes.<\/span>[\/vc_column_text][\/vc_column_inner][\/vc_row_inner][\/vc_column][\/vc_row][vc_row full_width=\u00bbstretch_row_content\u00bb css=\u00bb.vc_custom_1618294745659{margin-top: 40px !important;margin-bottom: 50px !important;}\u00bb][vc_column offset=\u00bbvc_hidden-lg vc_hidden-md vc_hidden-sm\u00bb][vc_row_inner][vc_column_inner width=\u00bb1\/3&#8243;][mvc_advanced_button align=\u00bbcenter\u00bb icon_position=\u00bbright\u00bb btn_text=\u00bbConoce m\u00e1s\u00bb padding_top=\u00bb15&#8243; border_width=\u00bb\u00bb btn_size=\u00bb20&#8243; use_theme_fonts=\u00bbyes\u00bb btn_clr=\u00bb#ffffff\u00bb btn_bg=\u00bb#0d2240&#8243; btn_hvrclr=\u00bb#ffffff\u00bb btn_hvrbg=\u00bb#0d2240&#8243; btn_icon=\u00bbfas fa-caret-down\u00bb btn_radius=\u00bb5&#8243; btn_url=\u00bburl:https%3A%2F%2Fleonesmonarcasantarosa.org%2Fsalvando-100-vidas%2F|title:Salvando%20100%20Vidas||\u00bb][\/vc_column_inner][vc_column_inner width=\u00bb1\/3&#8243; css=\u00bb.vc_custom_1618294751322{margin-top: 20px !important;}\u00bb][mvc_advanced_button align=\u00bbcenter\u00bb btn_text=\u00bbApoya esta causa <strong>Donar<\/strong>\u00bb padding_top=\u00bb15&#8243; btn_size=\u00bb20&#8243; text_style=\u00bbnormal\u00bb use_theme_fonts=\u00bbyes\u00bb btn_clr=\u00bb#000000&#8243; btn_bg=\u00bb#e6b200&#8243; btn_hvrclr=\u00bb#000000&#8243; btn_hvrbg=\u00bb#e6b200&#8243; btn_radius=\u00bb5&#8243; btn_url=\u00bburl:https%3A%2F%2Fleonesmonarcasantarosa.org%2Fdonar%2F|title:Donar||\u00bb][\/vc_column_inner][vc_column_inner width=\u00bb1\/3&#8243; css=\u00bb.vc_custom_1618294756173{margin-top: 20px !important;}\u00bb][mvc_advanced_button align=\u00bbcenter\u00bb btn_text=\u00bb\u00bfQuieres conocer m\u00e1s? <strong>Escr\u00edbenos<\/strong>\u00bb padding_top=\u00bb15&#8243; padding_left=\u00bb10&#8243; btn_size=\u00bb20&#8243; text_style=\u00bbnormal\u00bb use_theme_fonts=\u00bbyes\u00bb btn_clr=\u00bb#ffffff\u00bb btn_bg=\u00bb#7b2052&#8243; btn_hvrclr=\u00bb#ffffff\u00bb btn_hvrbg=\u00bb#7b2052&#8243; btn_radius=\u00bb5&#8243; btn_url=\u00bburl:https%3A%2F%2Fleonesmonarcasantarosa.org%2Fcontactanos%2F|title:Cont%C3%A1ctanos||\u00bb caption_url=\u00bb\u00bb caption_urls=\u00bb\u00bb caption_urlss=\u00bb\u00bb][\/vc_column_inner][\/vc_row_inner][\/vc_column][\/vc_row]\n<\/div>","protected":false},"excerpt":{"rendered":"<p>[vc_row full_width=\u00bbstretch_row_content\u00bb][vc_column][\/vc_column][\/vc_row][vc_row css=\u00bb.vc_custom_1618294948076{background-position: center !important;background-repeat: no-repeat !important;background-size: contain !important;}\u00bb][vc_column offset=\u00bbvc_hidden-xs\u00bb][vc_row_inner css=\u00bb.vc_custom_1617175202391{background-color: #ffffff !important;}\u00bb][vc_column_inner width=\u00bb1\/2&#8243;][vc_single_image image=\u00bb1455&#8243; img_size=\u00bbfull\u00bb css=\u00bb.vc_custom_1617175397720{margin-top: -35px !important;margin-bottom: 1px !important;margin-left: -18px !important;}\u00bb][\/vc_column_inner][vc_column_inner width=\u00bb1\/2&#8243; css=\u00bb.vc_custom_1617175193590{padding-left: 100px !important;}\u00bb][vc_column_text css=\u00bb.vc_custom_1617175368910{margin-top: 40px !important;padding-right: 100px !important;}\u00bb] Estad\u00edsticas globales [\/vc_column_text][vc_column_text]Mil millones de personas viven con problemas de visi\u00f3n que podr\u00edan haberse prevenido o corregido. Se necesitan 14 300 millones de d\u00f3lares para tratar los casos existentes de defectos de refracci\u00f3n y cataratas en todo el mundo. La discapacidad visual de lejos no tratada en muchas regiones de ingresos bajos y medios es 4 veces mayor que en las regiones de ingresos altos. [\/vc_column_text][\/vc_column_inner][\/vc_row_inner][vc_row_inner css=\u00bb.vc_custom_1618295009300{margin-top: 30px !important;background-color: #ffffff !important;}\u00bb][vc_column_inner width=\u00bb1\/2&#8243; css=\u00bb.vc_custom_1617175411011{margin-left: 30px !important;}\u00bb][vc_column_text css=\u00bb.vc_custom_1617175356614{margin-top: 50px !important;padding-right: 100px !important;}\u00bb] \u00bfEn qu\u00e9 consiste el programa? [\/vc_column_text][vc_column_text]Los Leones son conocidos en todo el mundo por su trabajo para mejorar la vida de las personas con discapacidad visual y prevenir la ceguera evitable. LCIF sirve con orgullo sus continuos esfuerzos ofreciendo iniciativas, programas y subvenciones \u00fanicas e impactantes.[\/vc_column_text][\/vc_column_inner][vc_column_inner width=\u00bb1\/2&#8243;][vc_single_image image=\u00bb1456&#8243; img_size=\u00bbfull\u00bb css=\u00bb.vc_custom_1617175488896{margin-top: -35px !important;margin-right: 35px !important;margin-bottom: 1px !important;}\u00bb][\/vc_column_inner][\/vc_row_inner][\/vc_column][\/vc_row][vc_row css=\u00bb.vc_custom_1617175447074{margin-top: 40px !important;margin-bottom: 50px !important;}\u00bb][vc_column offset=\u00bbvc_hidden-xs\u00bb][vc_row_inner][vc_column_inner width=\u00bb1\/3&#8243;][\/vc_column_inner][vc_column_inner width=\u00bb1\/3&#8243;][mvc_advanced_button align=\u00bbcenter\u00bb icon_position=\u00bbright\u00bb btn_text=\u00bbConoce m\u00e1s\u00bb padding_top=\u00bb15&#8243; border_width=\u00bb\u00bb btn_size=\u00bb25&#8243; icon_size=\u00bb25&#8243; use_theme_fonts=\u00bbyes\u00bb btn_clr=\u00bb#ffffff\u00bb btn_bg=\u00bb#0d2240&#8243; btn_hvrclr=\u00bb#ffffff\u00bb btn_hvrbg=\u00bb#0d2240&#8243; btn_icon=\u00bbfas fa-caret-down\u00bb btn_radius=\u00bb5&#8243; btn_url=\u00bburl:https%3A%2F%2Fleonesmonarcasantarosa.org%2Fsalvando-100-vidas%2F|title:Salvando%20100%20Vidas||\u00bb][\/vc_column_inner][vc_column_inner width=\u00bb1\/3&#8243;][\/vc_column_inner][\/vc_row_inner][vc_row_inner css=\u00bb.vc_custom_1616730167095{margin-top: 50px !important;}\u00bb][vc_column_inner width=\u00bb1\/6&#8243;][\/vc_column_inner][vc_column_inner width=\u00bb1\/3&#8243;][mvc_advanced_button align=\u00bbcenter\u00bb btn_text=\u00bbApoya esta causa Donar\u00bb padding_top=\u00bb15&#8243; padding_left=\u00bb100&#8243; btn_size=\u00bb20&#8243; text_style=\u00bbnormal\u00bb use_theme_fonts=\u00bbyes\u00bb btn_clr=\u00bb#000000&#8243; btn_bg=\u00bb#e6b200&#8243; btn_hvrclr=\u00bb#000000&#8243; btn_hvrbg=\u00bb#e6b200&#8243; btn_radius=\u00bb5&#8243; btn_url=\u00bburl:https%3A%2F%2Fleonesmonarcasantarosa.org%2Fdonar%2F|title:Donar||\u00bb][\/vc_column_inner][vc_column_inner width=\u00bb1\/3&#8243;][mvc_advanced_button align=\u00bbcenter\u00bb btn_text=\u00bb\u00bfQuieres conocer m\u00e1s? Escr\u00edbenos\u00bb padding_top=\u00bb15&#8243; padding_left=\u00bb70&#8243; btn_size=\u00bb20&#8243; text_style=\u00bbnormal\u00bb use_theme_fonts=\u00bbyes\u00bb btn_clr=\u00bb#ffffff\u00bb btn_bg=\u00bb#7b2052&#8243; btn_hvrclr=\u00bb#ffffff\u00bb btn_hvrbg=\u00bb#7b2052&#8243; btn_radius=\u00bb5&#8243; btn_url=\u00bburl:https%3A%2F%2Fleonesmonarcasantarosa.org%2Fcontactanos%2F|title:Cont%C3%A1ctanos||\u00bb][\/vc_column_inner][vc_column_inner width=\u00bb1\/6&#8243;][\/vc_column_inner][\/vc_row_inner][\/vc_column][\/vc_row][vc_row full_width=\u00bbstretch_row_content\u00bb css=\u00bb.vc_custom_1618294960664{background-position: center !important;background-repeat: no-repeat !important;background-size: contain !important;}\u00bb][vc_column offset=\u00bbvc_hidden-lg vc_hidden-md vc_hidden-sm\u00bb][vc_row_inner css=\u00bb.vc_custom_1617175202391{background-color: #ffffff !important;}\u00bb][vc_column_inner width=\u00bb1\/2&#8243;][vc_single_image image=\u00bb1455&#8243; img_size=\u00bbfull\u00bb [&hellip;]<\/p>\n","protected":false},"author":5,"featured_media":0,"parent":0,"menu_order":0,"comment_status":"closed","ping_status":"closed","template":"","meta":{"footnotes":""},"class_list":["post-1115","page","type-page","status-publish","hentry"],"_links":{"self":[{"href":"https:\/\/leonesmonarcasantarosa.org\/index.php?rest_route=\/wp\/v2\/pages\/1115","targetHints":{"allow":["GET"]}}],"collection":[{"href":"https:\/\/leonesmonarcasantarosa.org\/index.php?rest_route=\/wp\/v2\/pages"}],"about":[{"href":"https:\/\/leonesmonarcasantarosa.org\/index.php?rest_route=\/wp\/v2\/types\/page"}],"author":[{"embeddable":true,"href":"https:\/\/leonesmonarcasantarosa.org\/index.php?rest_route=\/wp\/v2\/users\/5"}],"replies":[{"embeddable":true,"href":"https:\/\/leonesmonarcasantarosa.org\/index.php?rest_route=%2Fwp%2Fv2%2Fcomments&post=1115"}],"version-history":[{"count":17,"href":"https:\/\/leonesmonarcasantarosa.org\/index.php?rest_route=\/wp\/v2\/pages\/1115\/revisions"}],"predecessor-version":[{"id":1812,"href":"https:\/\/leonesmonarcasantarosa.org\/index.php?rest_route=\/wp\/v2\/pages\/1115\/revisions\/1812"}],"wp:attachment":[{"href":"https:\/\/leonesmonarcasantarosa.org\/index.php?rest_route=%2Fwp%2Fv2%2Fmedia&parent=1115"}],"curies":[{"name":"wp","href":"https:\/\/api.w.org\/{rel}","templated":true}]}}